{"id":235,"date":"2022-01-17T22:24:30","date_gmt":"2022-01-17T22:24:30","guid":{"rendered":"https:\/\/matemates.com\/mm\/?page_id=235"},"modified":"2023-05-18T18:55:33","modified_gmt":"2023-05-18T18:55:33","slug":"web-design","status":"publish","type":"page","link":"https:\/\/matemates.com\/mm\/web-design\/","title":{"rendered":"alex"},"content":{"rendered":"\t\t<div data-elementor-type=\"wp-page\" data-elementor-id=\"235\" class=\"elementor elementor-235\" data-elementor-post-type=\"page\">\n\t\t\t\t\t\t<section class=\"elementor-section elementor-top-section elementor-element elementor-element-9a542ac elementor-section-boxed elementor-section-height-default elementor-section-height-default\" data-id=\"9a542ac\" data-element_type=\"section\" data-e-type=\"section\">\n\t\t\t\t\t\t<div class=\"elementor-container elementor-column-gap-default\">\n\t\t\t\t\t<div class=\"elementor-column elementor-col-100 elementor-top-column elementor-element elementor-element-e7d8f72\" data-id=\"e7d8f72\" data-element_type=\"column\" data-e-type=\"column\">\n\t\t\t<div class=\"elementor-widget-wrap elementor-element-populated\">\n\t\t\t\t\t\t<div class=\"elementor-element elementor-element-b0b7e59 elementor-widget elementor-widget-heading\" data-id=\"b0b7e59\" data-element_type=\"widget\" data-e-type=\"widget\" data-widget_type=\"heading.default\">\n\t\t\t\t\t<h1 class=\"elementor-heading-title elementor-size-default\">web-design<\/h1>\t\t\t\t<\/div>\n\t\t\t\t\t<\/div>\n\t\t<\/div>\n\t\t\t\t\t<\/div>\n\t\t<\/section>\n\t\t\t\t<section class=\"elementor-section elementor-top-section elementor-element elementor-element-8e285c0 elementor-section-boxed elementor-section-height-default elementor-section-height-default\" data-id=\"8e285c0\" data-element_type=\"section\" data-e-type=\"section\">\n\t\t\t\t\t\t<div class=\"elementor-container elementor-column-gap-default\">\n\t\t\t\t\t<div class=\"elementor-column elementor-col-100 elementor-top-column elementor-element elementor-element-86b5df7\" data-id=\"86b5df7\" data-element_type=\"column\" data-e-type=\"column\">\n\t\t\t<div class=\"elementor-widget-wrap elementor-element-populated\">\n\t\t\t\t\t\t<div class=\"elementor-element elementor-element-0b14882 elementor-widget elementor-widget-html\" data-id=\"0b14882\" data-element_type=\"widget\" data-e-type=\"widget\" data-widget_type=\"html.default\">\n\t\t\t\t\t<p>I design websites. See below what I did so far.<\/p>\n<p>If you'd like to chat about your website or get a quote email me at <strong>alex@matemates.com<\/strong>.<\/p>\t\t\t\t<\/div>\n\t\t\t\t\t<\/div>\n\t\t<\/div>\n\t\t\t\t\t<\/div>\n\t\t<\/section>\n\t\t\t\t<section class=\"elementor-section elementor-top-section elementor-element elementor-element-c13c2d5 elementor-section-boxed elementor-section-height-default elementor-section-height-default\" data-id=\"c13c2d5\" data-element_type=\"section\" data-e-type=\"section\">\n\t\t\t\t\t\t<div class=\"elementor-container elementor-column-gap-default\">\n\t\t\t\t\t<div class=\"elementor-column elementor-col-100 elementor-top-column elementor-element elementor-element-ccc3f30\" data-id=\"ccc3f30\" data-element_type=\"column\" data-e-type=\"column\">\n\t\t\t<div class=\"elementor-widget-wrap elementor-element-populated\">\n\t\t\t\t\t\t<div class=\"elementor-element elementor-element-ca04ef8 elementor-widget elementor-widget-heading\" data-id=\"ca04ef8\" data-element_type=\"widget\" data-e-type=\"widget\" data-widget_type=\"heading.default\">\n\t\t\t\t\t<h2 class=\"elementor-heading-title elementor-size-default\"><a href=\"https:\/\/musicaporlaciencia.org\/\">M\u00fasica por la Ciencia<\/a><\/h2>\t\t\t\t<\/div>\n\t\t\t\t<div class=\"elementor-element elementor-element-70688d0 elementor-widget elementor-widget-html\" data-id=\"70688d0\" data-element_type=\"widget\" data-e-type=\"widget\" data-widget_type=\"html.default\">\n\t\t\t\t\t<p>M\u00fasica Por La Ciencia es un proyecto que pone a la m\u00fasica al servicio de la ciencia, haci\u00e9ndola visible desde un espacio art\u00edstico. Es un proyecto audiovisual de la Fundaci\u00f3n Por La Ciencia.<\/p>\n<p><strong>Argentina - Latin America<\/strong><\/p>\t\t\t\t<\/div>\n\t\t\t\t\t<\/div>\n\t\t<\/div>\n\t\t\t\t\t<\/div>\n\t\t<\/section>\n\t\t\t\t<section class=\"elementor-section elementor-top-section elementor-element elementor-element-76dde01 elementor-section-boxed elementor-section-height-default elementor-section-height-default\" data-id=\"76dde01\" data-element_type=\"section\" data-e-type=\"section\">\n\t\t\t\t\t\t<div class=\"elementor-container elementor-column-gap-default\">\n\t\t\t\t\t<div class=\"elementor-column elementor-col-100 elementor-top-column elementor-element elementor-element-4a51c2c\" data-id=\"4a51c2c\" data-element_type=\"column\" data-e-type=\"column\">\n\t\t\t<div class=\"elementor-widget-wrap elementor-element-populated\">\n\t\t\t\t\t\t<div class=\"elementor-element elementor-element-2112723 elementor-widget elementor-widget-heading\" data-id=\"2112723\" data-element_type=\"widget\" data-e-type=\"widget\" data-widget_type=\"heading.default\">\n\t\t\t\t\t<h2 class=\"elementor-heading-title elementor-size-default\"><a href=\"https:\/\/otescba.com\/\">OTES C\u00f3rdoba<\/a><\/h2>\t\t\t\t<\/div>\n\t\t\t\t<div class=\"elementor-element elementor-element-7905052 elementor-widget elementor-widget-html\" data-id=\"7905052\" data-element_type=\"widget\" data-e-type=\"widget\" data-widget_type=\"html.default\">\n\t\t\t\t\t<p>Observatorio de Trabajo, Econom\u00eda y Sociedad.<\/p>\n<p>Somos una construcci\u00f3n colectiva, conformada por profesionales de las ciencias econ\u00f3micas con el objetivo de aportar al an\u00e1lisis econ\u00f3mico, pol\u00edtico y social de la actualidad Argentina y de C\u00f3rdoba y brindar herramientas a distintas organizaciones.<\/p>\n\n<p><strong>C\u00f3rdoba, Argentina<\/strong><\/p>\t\t\t\t<\/div>\n\t\t\t\t\t<\/div>\n\t\t<\/div>\n\t\t\t\t\t<\/div>\n\t\t<\/section>\n\t\t\t\t<section class=\"elementor-section elementor-top-section elementor-element elementor-element-bda33d8 elementor-section-boxed elementor-section-height-default elementor-section-height-default\" data-id=\"bda33d8\" data-element_type=\"section\" data-e-type=\"section\">\n\t\t\t\t\t\t<div class=\"elementor-container elementor-column-gap-default\">\n\t\t\t\t\t<div class=\"elementor-column elementor-col-100 elementor-top-column elementor-element elementor-element-08e2d80\" data-id=\"08e2d80\" data-element_type=\"column\" data-e-type=\"column\">\n\t\t\t<div class=\"elementor-widget-wrap elementor-element-populated\">\n\t\t\t\t\t\t<div class=\"elementor-element elementor-element-84e46a6 elementor-widget elementor-widget-heading\" data-id=\"84e46a6\" data-element_type=\"widget\" data-e-type=\"widget\" data-widget_type=\"heading.default\">\n\t\t\t\t\t<h2 class=\"elementor-heading-title elementor-size-default\"><a href=\"https:\/\/yorkcollective.co.uk\/\">York Collective<\/a><\/h2>\t\t\t\t<\/div>\n\t\t\t\t<div class=\"elementor-element elementor-element-6dc2bfc elementor-widget elementor-widget-html\" data-id=\"6dc2bfc\" data-element_type=\"widget\" data-e-type=\"widget\" data-widget_type=\"html.default\">\n\t\t\t\t\t<p>A not-for-profit worker-owned cooperative of cycle couriers in York, England.<\/p>\n\n<p><strong>York, UK<\/strong><\/p>\t\t\t\t<\/div>\n\t\t\t\t\t<\/div>\n\t\t<\/div>\n\t\t\t\t\t<\/div>\n\t\t<\/section>\n\t\t\t\t<section class=\"elementor-section elementor-top-section elementor-element elementor-element-87cdf73 elementor-section-boxed elementor-section-height-default elementor-section-height-default\" data-id=\"87cdf73\" data-element_type=\"section\" data-e-type=\"section\">\n\t\t\t\t\t\t<div class=\"elementor-container elementor-column-gap-default\">\n\t\t\t\t\t<div class=\"elementor-column elementor-col-100 elementor-top-column elementor-element elementor-element-3760f06\" data-id=\"3760f06\" data-element_type=\"column\" data-e-type=\"column\">\n\t\t\t<div class=\"elementor-widget-wrap elementor-element-populated\">\n\t\t\t\t\t\t<div class=\"elementor-element elementor-element-de5cbed elementor-widget elementor-widget-heading\" data-id=\"de5cbed\" data-element_type=\"widget\" data-e-type=\"widget\" data-widget_type=\"heading.default\">\n\t\t\t\t\t<h2 class=\"elementor-heading-title elementor-size-default\"><a href=\"https:\/\/aulab.musicaporlaciencia.org\/\">AuLab<\/a><\/h2>\t\t\t\t<\/div>\n\t\t\t\t<div class=\"elementor-element elementor-element-8cb6978 elementor-widget elementor-widget-html\" data-id=\"8cb6978\" data-element_type=\"widget\" data-e-type=\"widget\" data-widget_type=\"html.default\">\n\t\t\t\t\t<p>El Aula Laboratorio (AuLab) es un espacio para profundizar acerca de las distintas tem\u00e1ticas que venimos explorando desde M\u00fasica por la Ciencia.<\/p>\n\n<p><strong>Argentina<\/strong><\/p>\t\t\t\t<\/div>\n\t\t\t\t\t<\/div>\n\t\t<\/div>\n\t\t\t\t\t<\/div>\n\t\t<\/section>\n\t\t\t\t<section class=\"elementor-section elementor-top-section elementor-element elementor-element-b174e7e elementor-section-boxed elementor-section-height-default elementor-section-height-default\" data-id=\"b174e7e\" data-element_type=\"section\" data-e-type=\"section\">\n\t\t\t\t\t\t<div class=\"elementor-container elementor-column-gap-default\">\n\t\t\t\t\t<div class=\"elementor-column elementor-col-100 elementor-top-column elementor-element elementor-element-93b2b8b\" data-id=\"93b2b8b\" data-element_type=\"column\" data-e-type=\"column\">\n\t\t\t<div class=\"elementor-widget-wrap elementor-element-populated\">\n\t\t\t\t\t\t<div class=\"elementor-element elementor-element-55ae1ee elementor-widget elementor-widget-heading\" data-id=\"55ae1ee\" data-element_type=\"widget\" data-e-type=\"widget\" data-widget_type=\"heading.default\">\n\t\t\t\t\t<h2 class=\"elementor-heading-title elementor-size-default\"><a href=\"https:\/\/claracantore.com\/\">Clara Cantore<\/a><\/h2>\t\t\t\t<\/div>\n\t\t\t\t<div class=\"elementor-element elementor-element-d3ff9d9 elementor-widget elementor-widget-html\" data-id=\"d3ff9d9\" data-element_type=\"widget\" data-e-type=\"widget\" data-widget_type=\"html.default\">\n\t\t\t\t\t<p>Argentinian folklore musician.<\/p>\n<p><strong>Argentina<\/strong><\/p>\t\t\t\t<\/div>\n\t\t\t\t\t<\/div>\n\t\t<\/div>\n\t\t\t\t\t<\/div>\n\t\t<\/section>\n\t\t\t\t<section class=\"elementor-section elementor-top-section elementor-element elementor-element-4942b32 elementor-section-boxed elementor-section-height-default elementor-section-height-default\" data-id=\"4942b32\" data-element_type=\"section\" data-e-type=\"section\">\n\t\t\t\t\t\t<div class=\"elementor-container elementor-column-gap-default\">\n\t\t\t\t\t<div class=\"elementor-column elementor-col-100 elementor-top-column elementor-element elementor-element-4ecc4c3\" data-id=\"4ecc4c3\" data-element_type=\"column\" data-e-type=\"column\">\n\t\t\t<div class=\"elementor-widget-wrap elementor-element-populated\">\n\t\t\t\t\t\t<div class=\"elementor-element elementor-element-82d8fd0 elementor-widget elementor-widget-heading\" data-id=\"82d8fd0\" data-element_type=\"widget\" data-e-type=\"widget\" data-widget_type=\"heading.default\">\n\t\t\t\t\t<h2 class=\"elementor-heading-title elementor-size-default\"><a href=\"https:\/\/scc-localplaceplans.org\/\">Local Place Plans - A Scottish Community Position<\/a><\/h2>\t\t\t\t<\/div>\n\t\t\t\t<div class=\"elementor-element elementor-element-2b53be8 elementor-widget elementor-widget-html\" data-id=\"2b53be8\" data-element_type=\"widget\" data-e-type=\"widget\" data-widget_type=\"html.default\">\n\t\t\t\t\t<p>Supporting the circulation of the Local Place Plans (LPPs) Scottish Community Position document among Community Councils (CCs) and for CCs to demonstrate their adoption of it.<\/p>\n\n<p><strong>Scotland, UK<\/strong><\/p>\t\t\t\t<\/div>\n\t\t\t\t\t<\/div>\n\t\t<\/div>\n\t\t\t\t\t<\/div>\n\t\t<\/section>\n\t\t\t\t<section class=\"elementor-section elementor-top-section elementor-element elementor-element-e929e7c elementor-section-boxed elementor-section-height-default elementor-section-height-default\" data-id=\"e929e7c\" data-element_type=\"section\" data-e-type=\"section\">\n\t\t\t\t\t\t<div class=\"elementor-container elementor-column-gap-default\">\n\t\t\t\t\t<div class=\"elementor-column elementor-col-100 elementor-top-column elementor-element elementor-element-e3c0bd9\" data-id=\"e3c0bd9\" data-element_type=\"column\" data-e-type=\"column\">\n\t\t\t<div class=\"elementor-widget-wrap elementor-element-populated\">\n\t\t\t\t\t\t<div class=\"elementor-element elementor-element-1620e43 elementor-widget elementor-widget-heading\" data-id=\"1620e43\" data-element_type=\"widget\" data-e-type=\"widget\" data-widget_type=\"heading.default\">\n\t\t\t\t\t<h2 class=\"elementor-heading-title elementor-size-default\"><a href=\"https:\/\/hulldeliverycoop.org\/\">Hull Delivery Coop<\/a><\/h2>\t\t\t\t<\/div>\n\t\t\t\t<div class=\"elementor-element elementor-element-0a2573f elementor-widget elementor-widget-html\" data-id=\"0a2573f\" data-element_type=\"widget\" data-e-type=\"widget\" data-widget_type=\"html.default\">\n\t\t\t\t\t<p>We are a not-for-profit worker-owned cooperative of cycle couriers in Hull.<\/p>\n<p><strong>Hull, UK<\/strong><\/p>\t\t\t\t<\/div>\n\t\t\t\t\t<\/div>\n\t\t<\/div>\n\t\t\t\t\t<\/div>\n\t\t<\/section>\n\t\t\t\t<section class=\"elementor-section elementor-top-section elementor-element elementor-element-ef3ba62 elementor-section-boxed elementor-section-height-default elementor-section-height-default\" data-id=\"ef3ba62\" data-element_type=\"section\" data-e-type=\"section\">\n\t\t\t\t\t\t<div class=\"elementor-container elementor-column-gap-default\">\n\t\t\t\t\t<div class=\"elementor-column elementor-col-100 elementor-top-column elementor-element elementor-element-3234a4a\" data-id=\"3234a4a\" data-element_type=\"column\" data-e-type=\"column\">\n\t\t\t<div class=\"elementor-widget-wrap elementor-element-populated\">\n\t\t\t\t\t\t<div class=\"elementor-element elementor-element-aadb76e elementor-widget elementor-widget-heading\" data-id=\"aadb76e\" data-element_type=\"widget\" data-e-type=\"widget\" data-widget_type=\"heading.default\">\n\t\t\t\t\t<h2 class=\"elementor-heading-title elementor-size-default\"><a href=\"https:\/\/algoenmovimiento.net\/\">ALGO en movimiento<\/a><\/h2>\t\t\t\t<\/div>\n\t\t\t\t<div class=\"elementor-element elementor-element-84a6469 elementor-widget elementor-widget-html\" data-id=\"84a6469\" data-element_type=\"widget\" data-e-type=\"widget\" data-widget_type=\"html.default\">\n\t\t\t\t\t<p>Somos un movimiento colectivo itinerante con una espiritualidad irreverente.<\/p>\n<p><strong>Argentina<\/strong><\/p>\t\t\t\t<\/div>\n\t\t\t\t\t<\/div>\n\t\t<\/div>\n\t\t\t\t\t<\/div>\n\t\t<\/section>\n\t\t\t\t<\/div>\n\t\t","protected":false},"excerpt":{"rendered":"<p>web-design I design websites. See below what I did so far. If you&#8217;d like to chat about your website or get a quote email me at alex@matemates.com. M\u00fasica por la Ciencia M\u00fasica Por La Ciencia es un proyecto que pone a la m\u00fasica al servicio de la ciencia, haci\u00e9ndola visible desde un espacio art\u00edstico. Es [&hellip;]<\/p>\n","protected":false},"author":1,"featured_media":0,"parent":0,"menu_order":0,"comment_status":"closed","ping_status":"closed","template":"elementor_header_footer","meta":{"footnotes":""},"class_list":["post-235","page","type-page","status-publish","hentry"],"_links":{"self":[{"href":"https:\/\/matemates.com\/mm\/wp-json\/wp\/v2\/pages\/235","targetHints":{"allow":["GET"]}}],"collection":[{"href":"https:\/\/matemates.com\/mm\/wp-json\/wp\/v2\/pages"}],"about":[{"href":"https:\/\/matemates.com\/mm\/wp-json\/wp\/v2\/types\/page"}],"author":[{"embeddable":true,"href":"https:\/\/matemates.com\/mm\/wp-json\/wp\/v2\/users\/1"}],"replies":[{"embeddable":true,"href":"https:\/\/matemates.com\/mm\/wp-json\/wp\/v2\/comments?post=235"}],"version-history":[{"count":64,"href":"https:\/\/matemates.com\/mm\/wp-json\/wp\/v2\/pages\/235\/revisions"}],"predecessor-version":[{"id":877,"href":"https:\/\/matemates.com\/mm\/wp-json\/wp\/v2\/pages\/235\/revisions\/877"}],"wp:attachment":[{"href":"https:\/\/matemates.com\/mm\/wp-json\/wp\/v2\/media?parent=235"}],"curies":[{"name":"wp","href":"https:\/\/api.w.org\/{rel}","templated":true}]}}